{"id":11112,"date":"2024-10-22T08:34:43","date_gmt":"2024-10-22T07:34:43","guid":{"rendered":"https:\/\/sign.ch\/?post_type=product&#038;p=11112"},"modified":"2026-02-26T13:03:19","modified_gmt":"2026-02-26T12:03:19","slug":"sign-cherry","status":"publish","type":"product","link":"https:\/\/sign.ch\/en\/produkt\/sign-cherry\/","title":{"rendered":"SIGN CHERRY"},"content":{"rendered":"<p>Kirschkompott, umh\u00fcllt von einer dunklen Schokoladenmousse, angereichert durch eine einh\u00fcllende Kirschcreme- enth\u00e4lt Alkohol. Eine Kreation von unserem Patissier Daniele Orlando.<\/p>\n<p>Enth\u00e4lt N\u00fcsse, Laktose und Gluten<\/p>\n<p><strong>Bestellung jeweils online und Abholung im SIGN SHOP in der Bahnhofstrasse 36 in Wallisellen (ge\u00f6ffnet von 09 bis 17 Uhr). Das Produkt ist tiefgefroren und nicht immer verf\u00fcgbar und die neue Produktion kann bis zu 3 Tage dauern, wir werden Sie informieren dar\u00fcber per Mail.\u00a0<\/strong><\/p>\n","protected":false},"excerpt":{"rendered":"<p>2 St\u00fcck \u00e0 120g<\/p>\n<p><strong>Bestellung jeweils online und Abholung im SIGN SHOP in der Bahnhofstrasse 36 in Wallisellen (ge\u00f6ffnet von 09 bis 17 Uhr). Das Produkt ist tiefgefroren und nicht immer verf\u00fcgbar und die neue Produktion kann bis zu 3 Tage dauern, wir werden Sie informieren dar\u00fcber per Mail.\u00a0<\/strong><\/p>\n<p>&nbsp;<\/p>\n","protected":false},"featured_media":11553,"comment_status":"closed","ping_status":"closed","template":"","meta":{"ocean_post_layout":"","ocean_both_sidebars_style":"","ocean_both_sidebars_content_width":0,"ocean_both_sidebars_sidebars_width":0,"ocean_sidebar":"0","ocean_second_sidebar":"0","ocean_disable_margins":"enable","ocean_add_body_class":"","ocean_shortcode_before_top_bar":"","ocean_shortcode_after_top_bar":"","ocean_shortcode_before_header":"","ocean_shortcode_after_header":"","ocean_has_shortcode":"","ocean_shortcode_after_title":"","ocean_shortcode_before_footer_widgets":"","ocean_shortcode_after_footer_widgets":"","ocean_shortcode_before_footer_bottom":"","ocean_shortcode_after_footer_bottom":"","ocean_display_top_bar":"default","ocean_display_header":"default","ocean_header_style":"","ocean_center_header_left_menu":"0","ocean_custom_header_template":"0","ocean_custom_logo":0,"ocean_custom_retina_logo":0,"ocean_custom_logo_max_width":0,"ocean_custom_logo_tablet_max_width":0,"ocean_custom_logo_mobile_max_width":0,"ocean_custom_logo_max_height":0,"ocean_custom_logo_tablet_max_height":0,"ocean_custom_logo_mobile_max_height":0,"ocean_header_custom_menu":"0","ocean_menu_typo_font_family":"0","ocean_menu_typo_font_subset":"","ocean_menu_typo_font_size":0,"ocean_menu_typo_font_size_tablet":0,"ocean_menu_typo_font_size_mobile":0,"ocean_menu_typo_font_size_unit":"px","ocean_menu_typo_font_weight":"","ocean_menu_typo_font_weight_tablet":"","ocean_menu_typo_font_weight_mobile":"","ocean_menu_typo_transform":"","ocean_menu_typo_transform_tablet":"","ocean_menu_typo_transform_mobile":"","ocean_menu_typo_line_height":0,"ocean_menu_typo_line_height_tablet":0,"ocean_menu_typo_line_height_mobile":0,"ocean_menu_typo_line_height_unit":"","ocean_menu_typo_spacing":0,"ocean_menu_typo_spacing_tablet":0,"ocean_menu_typo_spacing_mobile":0,"ocean_menu_typo_spacing_unit":"","ocean_menu_link_color":"","ocean_menu_link_color_hover":"","ocean_menu_link_color_active":"","ocean_menu_link_background":"","ocean_menu_link_hover_background":"","ocean_menu_link_active_background":"","ocean_menu_social_links_bg":"","ocean_menu_social_hover_links_bg":"","ocean_menu_social_links_color":"","ocean_menu_social_hover_links_color":"","ocean_disable_title":"default","ocean_disable_heading":"default","ocean_post_title":"","ocean_post_subheading":"","ocean_post_title_style":"","ocean_post_title_background_color":"","ocean_post_title_background":0,"ocean_post_title_bg_image_position":"","ocean_post_title_bg_image_attachment":"","ocean_post_title_bg_image_repeat":"","ocean_post_title_bg_image_size":"","ocean_post_title_height":0,"ocean_post_title_bg_overlay":0.5,"ocean_post_title_bg_overlay_color":"","ocean_disable_breadcrumbs":"default","ocean_breadcrumbs_color":"","ocean_breadcrumbs_separator_color":"","ocean_breadcrumbs_links_color":"","ocean_breadcrumbs_links_hover_color":"","ocean_display_footer_widgets":"default","ocean_display_footer_bottom":"default","ocean_custom_footer_template":""},"product_brand":[],"product_cat":[195],"product_tag":[],"class_list":{"0":"post-11112","1":"product","2":"type-product","3":"status-publish","4":"has-post-thumbnail","6":"product_cat-patisserie-by-sign-atelier","8":"entry","9":"has-media","11":"first","12":"instock","13":"taxable","14":"shipping-taxable","15":"purchasable","16":"product-type-simple","17":"has-product-nav","18":"col","19":"span_1_of_3","20":"owp-content-center","21":"owp-thumbs-layout-horizontal","22":"owp-btn-normal","23":"owp-tabs-layout-horizontal","24":"has-no-thumbnails"},"yoast_head":"<!-- This site is optimized with the Yoast SEO Premium plugin v26.8 (Yoast SEO v27.4) - https:\/\/yoast.com\/product\/yoast-seo-premium-wordpress\/ -->\n<title>SIGN CHERRY - Sign Gastro World<\/title>\n<meta name=\"robots\" content=\"index, follow, max-snippet:-1, max-image-preview:large, max-video-preview:-1\" \/>\n<link rel=\"canonical\" href=\"https:\/\/sign.ch\/en\/produkt\/sign-cherry\/\" \/>\n<meta property=\"og:locale\" content=\"en_US\" \/>\n<meta property=\"og:type\" content=\"article\" \/>\n<meta property=\"og:title\" content=\"SIGN CHERRY\" \/>\n<meta property=\"og:description\" content=\"2 St\u00fcck \u00e0 120g  Bestellung jeweils online und Abholung im SIGN SHOP in der Bahnhofstrasse 36 in Wallisellen (ge\u00f6ffnet von 09 bis 17 Uhr). Das Produkt ist tiefgefroren und nicht immer verf\u00fcgbar und die neue Produktion kann bis zu 3 Tage dauern, wir werden Sie informieren dar\u00fcber per Mail.\u00a0  &nbsp;\" \/>\n<meta property=\"og:url\" content=\"https:\/\/sign.ch\/en\/produkt\/sign-cherry\/\" \/>\n<meta property=\"og:site_name\" content=\"Sign Gastro World\" \/>\n<meta property=\"article:modified_time\" content=\"2026-02-26T12:03:19+00:00\" \/>\n<meta property=\"og:image\" content=\"https:\/\/sign.ch\/wp-content\/uploads\/2024\/10\/Design-ohne-Titel-2024-11-13T154633.319.png\" \/>\n\t<meta property=\"og:image:width\" content=\"1080\" \/>\n\t<meta property=\"og:image:height\" content=\"1080\" \/>\n\t<meta property=\"og:image:type\" content=\"image\/png\" \/>\n<meta name=\"twitter:card\" content=\"summary_large_image\" \/>\n<meta name=\"twitter:label1\" content=\"Est. reading time\" \/>\n\t<meta name=\"twitter:data1\" content=\"1 minute\" \/>\n<script type=\"application\/ld+json\" class=\"yoast-schema-graph\">{\"@context\":\"https:\\\/\\\/schema.org\",\"@graph\":[{\"@type\":\"WebPage\",\"@id\":\"https:\\\/\\\/sign.ch\\\/en\\\/produkt\\\/sign-cherry\\\/\",\"url\":\"https:\\\/\\\/sign.ch\\\/en\\\/produkt\\\/sign-cherry\\\/\",\"name\":\"SIGN CHERRY - Sign Gastro World\",\"isPartOf\":{\"@id\":\"https:\\\/\\\/sign.ch\\\/en\\\/#website\"},\"primaryImageOfPage\":{\"@id\":\"https:\\\/\\\/sign.ch\\\/en\\\/produkt\\\/sign-cherry\\\/#primaryimage\"},\"image\":{\"@id\":\"https:\\\/\\\/sign.ch\\\/en\\\/produkt\\\/sign-cherry\\\/#primaryimage\"},\"thumbnailUrl\":\"https:\\\/\\\/sign.ch\\\/wp-content\\\/uploads\\\/2024\\\/10\\\/Design-ohne-Titel-2024-11-13T154633.319.png\",\"datePublished\":\"2024-10-22T07:34:43+00:00\",\"dateModified\":\"2026-02-26T12:03:19+00:00\",\"breadcrumb\":{\"@id\":\"https:\\\/\\\/sign.ch\\\/en\\\/produkt\\\/sign-cherry\\\/#breadcrumb\"},\"inLanguage\":\"en-US\",\"potentialAction\":[{\"@type\":\"ReadAction\",\"target\":[\"https:\\\/\\\/sign.ch\\\/en\\\/produkt\\\/sign-cherry\\\/\"]}]},{\"@type\":\"ImageObject\",\"inLanguage\":\"en-US\",\"@id\":\"https:\\\/\\\/sign.ch\\\/en\\\/produkt\\\/sign-cherry\\\/#primaryimage\",\"url\":\"https:\\\/\\\/sign.ch\\\/wp-content\\\/uploads\\\/2024\\\/10\\\/Design-ohne-Titel-2024-11-13T154633.319.png\",\"contentUrl\":\"https:\\\/\\\/sign.ch\\\/wp-content\\\/uploads\\\/2024\\\/10\\\/Design-ohne-Titel-2024-11-13T154633.319.png\",\"width\":1080,\"height\":1080},{\"@type\":\"BreadcrumbList\",\"@id\":\"https:\\\/\\\/sign.ch\\\/en\\\/produkt\\\/sign-cherry\\\/#breadcrumb\",\"itemListElement\":[{\"@type\":\"ListItem\",\"position\":1,\"name\":\"Startseite\",\"item\":\"https:\\\/\\\/sign.ch\\\/en\\\/home\\\/\"},{\"@type\":\"ListItem\",\"position\":2,\"name\":\"Sign Store\",\"item\":\"https:\\\/\\\/sign.ch\\\/en\\\/sign-store\\\/\"},{\"@type\":\"ListItem\",\"position\":3,\"name\":\"SIGN CHERRY\"}]},{\"@type\":\"WebSite\",\"@id\":\"https:\\\/\\\/sign.ch\\\/en\\\/#website\",\"url\":\"https:\\\/\\\/sign.ch\\\/en\\\/\",\"name\":\"Sign Gastro World\",\"description\":\"Your Choice\",\"potentialAction\":[{\"@type\":\"SearchAction\",\"target\":{\"@type\":\"EntryPoint\",\"urlTemplate\":\"https:\\\/\\\/sign.ch\\\/en\\\/?s={search_term_string}\"},\"query-input\":{\"@type\":\"PropertyValueSpecification\",\"valueRequired\":true,\"valueName\":\"search_term_string\"}}],\"inLanguage\":\"en-US\"}]}<\/script>\n<!-- \/ Yoast SEO Premium plugin. -->","yoast_head_json":{"title":"SIGN CHERRY - Sign Gastro World","robots":{"index":"index","follow":"follow","max-snippet":"max-snippet:-1","max-image-preview":"max-image-preview:large","max-video-preview":"max-video-preview:-1"},"canonical":"https:\/\/sign.ch\/en\/produkt\/sign-cherry\/","og_locale":"en_US","og_type":"article","og_title":"SIGN CHERRY","og_description":"2 St\u00fcck \u00e0 120g  Bestellung jeweils online und Abholung im SIGN SHOP in der Bahnhofstrasse 36 in Wallisellen (ge\u00f6ffnet von 09 bis 17 Uhr). Das Produkt ist tiefgefroren und nicht immer verf\u00fcgbar und die neue Produktion kann bis zu 3 Tage dauern, wir werden Sie informieren dar\u00fcber per Mail.\u00a0  &nbsp;","og_url":"https:\/\/sign.ch\/en\/produkt\/sign-cherry\/","og_site_name":"Sign Gastro World","article_modified_time":"2026-02-26T12:03:19+00:00","og_image":[{"width":1080,"height":1080,"url":"https:\/\/sign.ch\/wp-content\/uploads\/2024\/10\/Design-ohne-Titel-2024-11-13T154633.319.png","type":"image\/png"}],"twitter_card":"summary_large_image","twitter_misc":{"Est. reading time":"1 minute"},"schema":{"@context":"https:\/\/schema.org","@graph":[{"@type":"WebPage","@id":"https:\/\/sign.ch\/en\/produkt\/sign-cherry\/","url":"https:\/\/sign.ch\/en\/produkt\/sign-cherry\/","name":"SIGN CHERRY - Sign Gastro World","isPartOf":{"@id":"https:\/\/sign.ch\/en\/#website"},"primaryImageOfPage":{"@id":"https:\/\/sign.ch\/en\/produkt\/sign-cherry\/#primaryimage"},"image":{"@id":"https:\/\/sign.ch\/en\/produkt\/sign-cherry\/#primaryimage"},"thumbnailUrl":"https:\/\/sign.ch\/wp-content\/uploads\/2024\/10\/Design-ohne-Titel-2024-11-13T154633.319.png","datePublished":"2024-10-22T07:34:43+00:00","dateModified":"2026-02-26T12:03:19+00:00","breadcrumb":{"@id":"https:\/\/sign.ch\/en\/produkt\/sign-cherry\/#breadcrumb"},"inLanguage":"en-US","potentialAction":[{"@type":"ReadAction","target":["https:\/\/sign.ch\/en\/produkt\/sign-cherry\/"]}]},{"@type":"ImageObject","inLanguage":"en-US","@id":"https:\/\/sign.ch\/en\/produkt\/sign-cherry\/#primaryimage","url":"https:\/\/sign.ch\/wp-content\/uploads\/2024\/10\/Design-ohne-Titel-2024-11-13T154633.319.png","contentUrl":"https:\/\/sign.ch\/wp-content\/uploads\/2024\/10\/Design-ohne-Titel-2024-11-13T154633.319.png","width":1080,"height":1080},{"@type":"BreadcrumbList","@id":"https:\/\/sign.ch\/en\/produkt\/sign-cherry\/#breadcrumb","itemListElement":[{"@type":"ListItem","position":1,"name":"Startseite","item":"https:\/\/sign.ch\/en\/home\/"},{"@type":"ListItem","position":2,"name":"Sign Store","item":"https:\/\/sign.ch\/en\/sign-store\/"},{"@type":"ListItem","position":3,"name":"SIGN CHERRY"}]},{"@type":"WebSite","@id":"https:\/\/sign.ch\/en\/#website","url":"https:\/\/sign.ch\/en\/","name":"Sign Gastro World","description":"Your Choice","potentialAction":[{"@type":"SearchAction","target":{"@type":"EntryPoint","urlTemplate":"https:\/\/sign.ch\/en\/?s={search_term_string}"},"query-input":{"@type":"PropertyValueSpecification","valueRequired":true,"valueName":"search_term_string"}}],"inLanguage":"en-US"}]}},"_links":{"self":[{"href":"https:\/\/sign.ch\/en\/wp-json\/wp\/v2\/product\/11112","targetHints":{"allow":["GET"]}}],"collection":[{"href":"https:\/\/sign.ch\/en\/wp-json\/wp\/v2\/product"}],"about":[{"href":"https:\/\/sign.ch\/en\/wp-json\/wp\/v2\/types\/product"}],"replies":[{"embeddable":true,"href":"https:\/\/sign.ch\/en\/wp-json\/wp\/v2\/comments?post=11112"}],"wp:featuredmedia":[{"embeddable":true,"href":"https:\/\/sign.ch\/en\/wp-json\/wp\/v2\/media\/11553"}],"wp:attachment":[{"href":"https:\/\/sign.ch\/en\/wp-json\/wp\/v2\/media?parent=11112"}],"wp:term":[{"taxonomy":"product_brand","embeddable":true,"href":"https:\/\/sign.ch\/en\/wp-json\/wp\/v2\/product_brand?post=11112"},{"taxonomy":"product_cat","embeddable":true,"href":"https:\/\/sign.ch\/en\/wp-json\/wp\/v2\/product_cat?post=11112"},{"taxonomy":"product_tag","embeddable":true,"href":"https:\/\/sign.ch\/en\/wp-json\/wp\/v2\/product_tag?post=11112"}],"curies":[{"name":"wp","href":"https:\/\/api.w.org\/{rel}","templated":true}]}}