{"id":11665,"date":"2024-12-11T11:49:58","date_gmt":"2024-12-11T10:49:58","guid":{"rendered":"https:\/\/sign.ch\/?post_type=product&#038;p=11665"},"modified":"2024-12-14T13:57:06","modified_gmt":"2024-12-14T12:57:06","slug":"hummersuppe-mit-cognac-480-g","status":"publish","type":"product","link":"https:\/\/sign.ch\/en\/produkt\/hummersuppe-mit-cognac-480-g\/","title":{"rendered":"Hummersuppe mit Cognac, 480g"},"content":{"rendered":"<div class=\"content--title\">Produktinformationen &#8220;Hummersuppe mit Cognac, 480g&#8221;<\/div>\n<div class=\"product--description\">\n<p>Wer selber maritime Delikatessen wie den Balik Lachs und den Prunier Caviar herstellen darf, sucht nat\u00fcrlich nach Unternehmen, die mit gleicher Sorgfalt und Leidenschaft f\u00fcr Ihre Produkte die gleichen hohen Massst\u00e4be ansetzen.<\/p>\n<p>In der Bretagne haben wir einen kleinen Betrieb entdeckt, dessen Produkte wir Ihnen anbieten. Er liegt nur hundert Meter vom Hafen entfernt und verarbeitet fangfrische Fische und lebende Hummer zu unseren Suppen.<\/p>\n<p><strong>Herkunft:<\/strong>\u00a0Frankreich<\/p>\n<\/div>\n","protected":false},"excerpt":{"rendered":"<p>Produktinformationen &#8220;Hummersuppe mit Cognac, 480g&#8221; Wer selber maritime Delikatessen wie den Balik Lachs und den Prunier Caviar herstellen darf, sucht nat\u00fcrlich nach Unternehmen, die mit gleicher Sorgfalt und Leidenschaft f\u00fcr Ihre Produkte die gleichen hohen Massst\u00e4be ansetzen. In der Bretagne haben wir einen kleinen Betrieb entdeckt, dessen Produkte wir Ihnen anbieten. Er liegt nur hundert [&hellip;]<\/p>\n","protected":false},"featured_media":11667,"comment_status":"closed","ping_status":"closed","template":"","meta":{"ocean_post_layout":"","ocean_both_sidebars_style":"","ocean_both_sidebars_content_width":0,"ocean_both_sidebars_sidebars_width":0,"ocean_sidebar":"0","ocean_second_sidebar":"0","ocean_disable_margins":"enable","ocean_add_body_class":"","ocean_shortcode_before_top_bar":"","ocean_shortcode_after_top_bar":"","ocean_shortcode_before_header":"","ocean_shortcode_after_header":"","ocean_has_shortcode":"","ocean_shortcode_after_title":"","ocean_shortcode_before_footer_widgets":"","ocean_shortcode_after_footer_widgets":"","ocean_shortcode_before_footer_bottom":"","ocean_shortcode_after_footer_bottom":"","ocean_display_top_bar":"default","ocean_display_header":"default","ocean_header_style":"","ocean_center_header_left_menu":"0","ocean_custom_header_template":"0","ocean_custom_logo":0,"ocean_custom_retina_logo":0,"ocean_custom_logo_max_width":0,"ocean_custom_logo_tablet_max_width":0,"ocean_custom_logo_mobile_max_width":0,"ocean_custom_logo_max_height":0,"ocean_custom_logo_tablet_max_height":0,"ocean_custom_logo_mobile_max_height":0,"ocean_header_custom_menu":"0","ocean_menu_typo_font_family":"0","ocean_menu_typo_font_subset":"","ocean_menu_typo_font_size":0,"ocean_menu_typo_font_size_tablet":0,"ocean_menu_typo_font_size_mobile":0,"ocean_menu_typo_font_size_unit":"px","ocean_menu_typo_font_weight":"","ocean_menu_typo_font_weight_tablet":"","ocean_menu_typo_font_weight_mobile":"","ocean_menu_typo_transform":"","ocean_menu_typo_transform_tablet":"","ocean_menu_typo_transform_mobile":"","ocean_menu_typo_line_height":0,"ocean_menu_typo_line_height_tablet":0,"ocean_menu_typo_line_height_mobile":0,"ocean_menu_typo_line_height_unit":"","ocean_menu_typo_spacing":0,"ocean_menu_typo_spacing_tablet":0,"ocean_menu_typo_spacing_mobile":0,"ocean_menu_typo_spacing_unit":"","ocean_menu_link_color":"","ocean_menu_link_color_hover":"","ocean_menu_link_color_active":"","ocean_menu_link_background":"","ocean_menu_link_hover_background":"","ocean_menu_link_active_background":"","ocean_menu_social_links_bg":"","ocean_menu_social_hover_links_bg":"","ocean_menu_social_links_color":"","ocean_menu_social_hover_links_color":"","ocean_disable_title":"default","ocean_disable_heading":"default","ocean_post_title":"","ocean_post_subheading":"","ocean_post_title_style":"","ocean_post_title_background_color":"","ocean_post_title_background":0,"ocean_post_title_bg_image_position":"","ocean_post_title_bg_image_attachment":"","ocean_post_title_bg_image_repeat":"","ocean_post_title_bg_image_size":"","ocean_post_title_height":0,"ocean_post_title_bg_overlay":0.5,"ocean_post_title_bg_overlay_color":"","ocean_disable_breadcrumbs":"default","ocean_breadcrumbs_color":"","ocean_breadcrumbs_separator_color":"","ocean_breadcrumbs_links_color":"","ocean_breadcrumbs_links_hover_color":"","ocean_display_footer_widgets":"default","ocean_display_footer_bottom":"default","ocean_custom_footer_template":""},"product_brand":[],"product_cat":[224],"product_tag":[],"class_list":{"0":"post-11665","1":"product","2":"type-product","3":"status-publish","4":"has-post-thumbnail","6":"product_cat-balik","8":"entry","9":"has-media","11":"first","12":"instock","13":"taxable","14":"shipping-taxable","15":"purchasable","16":"product-type-simple","17":"has-product-nav","18":"col","19":"span_1_of_3","20":"owp-content-center","21":"owp-thumbs-layout-horizontal","22":"owp-btn-normal","23":"owp-tabs-layout-horizontal","24":"has-no-thumbnails"},"yoast_head":"<!-- This site is optimized with the Yoast SEO Premium plugin v26.8 (Yoast SEO v27.4) - https:\/\/yoast.com\/product\/yoast-seo-premium-wordpress\/ -->\n<title>Hummersuppe mit Cognac, 480g - Sign Gastro World<\/title>\n<meta name=\"robots\" content=\"index, follow, max-snippet:-1, max-image-preview:large, max-video-preview:-1\" \/>\n<link rel=\"canonical\" href=\"https:\/\/sign.ch\/en\/produkt\/hummersuppe-mit-cognac-480-g\/\" \/>\n<meta property=\"og:locale\" content=\"en_US\" \/>\n<meta property=\"og:type\" content=\"article\" \/>\n<meta property=\"og:title\" content=\"Hummersuppe mit Cognac, 480g\" \/>\n<meta property=\"og:description\" content=\"Produktinformationen &#8220;Hummersuppe mit Cognac, 480g&#8221; Wer selber maritime Delikatessen wie den Balik Lachs und den Prunier Caviar herstellen darf, sucht nat\u00fcrlich nach Unternehmen, die mit gleicher Sorgfalt und Leidenschaft f\u00fcr Ihre Produkte die gleichen hohen Massst\u00e4be ansetzen. In der Bretagne haben wir einen kleinen Betrieb entdeckt, dessen Produkte wir Ihnen anbieten. Er liegt nur hundert [&hellip;]\" \/>\n<meta property=\"og:url\" content=\"https:\/\/sign.ch\/en\/produkt\/hummersuppe-mit-cognac-480-g\/\" \/>\n<meta property=\"og:site_name\" content=\"Sign Gastro World\" \/>\n<meta property=\"article:modified_time\" content=\"2024-12-14T12:57:06+00:00\" \/>\n<meta property=\"og:image\" content=\"https:\/\/sign.ch\/wp-content\/uploads\/2024\/12\/hummersuppe_Seite97_webBcNI4zQpv8mN3_600x600@2x.jpg\" \/>\n\t<meta property=\"og:image:width\" content=\"1200\" \/>\n\t<meta property=\"og:image:height\" content=\"800\" \/>\n\t<meta property=\"og:image:type\" content=\"image\/jpeg\" \/>\n<meta name=\"twitter:card\" content=\"summary_large_image\" \/>\n<meta name=\"twitter:label1\" content=\"Est. reading time\" \/>\n\t<meta name=\"twitter:data1\" content=\"1 minute\" \/>\n<script type=\"application\/ld+json\" class=\"yoast-schema-graph\">{\"@context\":\"https:\\\/\\\/schema.org\",\"@graph\":[{\"@type\":\"WebPage\",\"@id\":\"https:\\\/\\\/sign.ch\\\/en\\\/produkt\\\/hummersuppe-mit-cognac-480-g\\\/\",\"url\":\"https:\\\/\\\/sign.ch\\\/en\\\/produkt\\\/hummersuppe-mit-cognac-480-g\\\/\",\"name\":\"Hummersuppe mit Cognac, 480g - Sign Gastro World\",\"isPartOf\":{\"@id\":\"https:\\\/\\\/sign.ch\\\/en\\\/#website\"},\"primaryImageOfPage\":{\"@id\":\"https:\\\/\\\/sign.ch\\\/en\\\/produkt\\\/hummersuppe-mit-cognac-480-g\\\/#primaryimage\"},\"image\":{\"@id\":\"https:\\\/\\\/sign.ch\\\/en\\\/produkt\\\/hummersuppe-mit-cognac-480-g\\\/#primaryimage\"},\"thumbnailUrl\":\"https:\\\/\\\/sign.ch\\\/wp-content\\\/uploads\\\/2024\\\/12\\\/hummersuppe_Seite97_webBcNI4zQpv8mN3_600x600@2x.jpg\",\"datePublished\":\"2024-12-11T10:49:58+00:00\",\"dateModified\":\"2024-12-14T12:57:06+00:00\",\"breadcrumb\":{\"@id\":\"https:\\\/\\\/sign.ch\\\/en\\\/produkt\\\/hummersuppe-mit-cognac-480-g\\\/#breadcrumb\"},\"inLanguage\":\"en-US\",\"potentialAction\":[{\"@type\":\"ReadAction\",\"target\":[\"https:\\\/\\\/sign.ch\\\/en\\\/produkt\\\/hummersuppe-mit-cognac-480-g\\\/\"]}]},{\"@type\":\"ImageObject\",\"inLanguage\":\"en-US\",\"@id\":\"https:\\\/\\\/sign.ch\\\/en\\\/produkt\\\/hummersuppe-mit-cognac-480-g\\\/#primaryimage\",\"url\":\"https:\\\/\\\/sign.ch\\\/wp-content\\\/uploads\\\/2024\\\/12\\\/hummersuppe_Seite97_webBcNI4zQpv8mN3_600x600@2x.jpg\",\"contentUrl\":\"https:\\\/\\\/sign.ch\\\/wp-content\\\/uploads\\\/2024\\\/12\\\/hummersuppe_Seite97_webBcNI4zQpv8mN3_600x600@2x.jpg\",\"width\":1200,\"height\":800},{\"@type\":\"BreadcrumbList\",\"@id\":\"https:\\\/\\\/sign.ch\\\/en\\\/produkt\\\/hummersuppe-mit-cognac-480-g\\\/#breadcrumb\",\"itemListElement\":[{\"@type\":\"ListItem\",\"position\":1,\"name\":\"Startseite\",\"item\":\"https:\\\/\\\/sign.ch\\\/en\\\/home\\\/\"},{\"@type\":\"ListItem\",\"position\":2,\"name\":\"Sign Store\",\"item\":\"https:\\\/\\\/sign.ch\\\/en\\\/sign-store\\\/\"},{\"@type\":\"ListItem\",\"position\":3,\"name\":\"Hummersuppe mit Cognac, 480g\"}]},{\"@type\":\"WebSite\",\"@id\":\"https:\\\/\\\/sign.ch\\\/en\\\/#website\",\"url\":\"https:\\\/\\\/sign.ch\\\/en\\\/\",\"name\":\"Sign Gastro World\",\"description\":\"Your Choice\",\"potentialAction\":[{\"@type\":\"SearchAction\",\"target\":{\"@type\":\"EntryPoint\",\"urlTemplate\":\"https:\\\/\\\/sign.ch\\\/en\\\/?s={search_term_string}\"},\"query-input\":{\"@type\":\"PropertyValueSpecification\",\"valueRequired\":true,\"valueName\":\"search_term_string\"}}],\"inLanguage\":\"en-US\"}]}<\/script>\n<!-- \/ Yoast SEO Premium plugin. -->","yoast_head_json":{"title":"Hummersuppe mit Cognac, 480g - Sign Gastro World","robots":{"index":"index","follow":"follow","max-snippet":"max-snippet:-1","max-image-preview":"max-image-preview:large","max-video-preview":"max-video-preview:-1"},"canonical":"https:\/\/sign.ch\/en\/produkt\/hummersuppe-mit-cognac-480-g\/","og_locale":"en_US","og_type":"article","og_title":"Hummersuppe mit Cognac, 480g","og_description":"Produktinformationen &#8220;Hummersuppe mit Cognac, 480g&#8221; Wer selber maritime Delikatessen wie den Balik Lachs und den Prunier Caviar herstellen darf, sucht nat\u00fcrlich nach Unternehmen, die mit gleicher Sorgfalt und Leidenschaft f\u00fcr Ihre Produkte die gleichen hohen Massst\u00e4be ansetzen. In der Bretagne haben wir einen kleinen Betrieb entdeckt, dessen Produkte wir Ihnen anbieten. Er liegt nur hundert [&hellip;]","og_url":"https:\/\/sign.ch\/en\/produkt\/hummersuppe-mit-cognac-480-g\/","og_site_name":"Sign Gastro World","article_modified_time":"2024-12-14T12:57:06+00:00","og_image":[{"width":1200,"height":800,"url":"https:\/\/sign.ch\/wp-content\/uploads\/2024\/12\/hummersuppe_Seite97_webBcNI4zQpv8mN3_600x600@2x.jpg","type":"image\/jpeg"}],"twitter_card":"summary_large_image","twitter_misc":{"Est. reading time":"1 minute"},"schema":{"@context":"https:\/\/schema.org","@graph":[{"@type":"WebPage","@id":"https:\/\/sign.ch\/en\/produkt\/hummersuppe-mit-cognac-480-g\/","url":"https:\/\/sign.ch\/en\/produkt\/hummersuppe-mit-cognac-480-g\/","name":"Hummersuppe mit Cognac, 480g - Sign Gastro World","isPartOf":{"@id":"https:\/\/sign.ch\/en\/#website"},"primaryImageOfPage":{"@id":"https:\/\/sign.ch\/en\/produkt\/hummersuppe-mit-cognac-480-g\/#primaryimage"},"image":{"@id":"https:\/\/sign.ch\/en\/produkt\/hummersuppe-mit-cognac-480-g\/#primaryimage"},"thumbnailUrl":"https:\/\/sign.ch\/wp-content\/uploads\/2024\/12\/hummersuppe_Seite97_webBcNI4zQpv8mN3_600x600@2x.jpg","datePublished":"2024-12-11T10:49:58+00:00","dateModified":"2024-12-14T12:57:06+00:00","breadcrumb":{"@id":"https:\/\/sign.ch\/en\/produkt\/hummersuppe-mit-cognac-480-g\/#breadcrumb"},"inLanguage":"en-US","potentialAction":[{"@type":"ReadAction","target":["https:\/\/sign.ch\/en\/produkt\/hummersuppe-mit-cognac-480-g\/"]}]},{"@type":"ImageObject","inLanguage":"en-US","@id":"https:\/\/sign.ch\/en\/produkt\/hummersuppe-mit-cognac-480-g\/#primaryimage","url":"https:\/\/sign.ch\/wp-content\/uploads\/2024\/12\/hummersuppe_Seite97_webBcNI4zQpv8mN3_600x600@2x.jpg","contentUrl":"https:\/\/sign.ch\/wp-content\/uploads\/2024\/12\/hummersuppe_Seite97_webBcNI4zQpv8mN3_600x600@2x.jpg","width":1200,"height":800},{"@type":"BreadcrumbList","@id":"https:\/\/sign.ch\/en\/produkt\/hummersuppe-mit-cognac-480-g\/#breadcrumb","itemListElement":[{"@type":"ListItem","position":1,"name":"Startseite","item":"https:\/\/sign.ch\/en\/home\/"},{"@type":"ListItem","position":2,"name":"Sign Store","item":"https:\/\/sign.ch\/en\/sign-store\/"},{"@type":"ListItem","position":3,"name":"Hummersuppe mit Cognac, 480g"}]},{"@type":"WebSite","@id":"https:\/\/sign.ch\/en\/#website","url":"https:\/\/sign.ch\/en\/","name":"Sign Gastro World","description":"Your Choice","potentialAction":[{"@type":"SearchAction","target":{"@type":"EntryPoint","urlTemplate":"https:\/\/sign.ch\/en\/?s={search_term_string}"},"query-input":{"@type":"PropertyValueSpecification","valueRequired":true,"valueName":"search_term_string"}}],"inLanguage":"en-US"}]}},"_links":{"self":[{"href":"https:\/\/sign.ch\/en\/wp-json\/wp\/v2\/product\/11665","targetHints":{"allow":["GET"]}}],"collection":[{"href":"https:\/\/sign.ch\/en\/wp-json\/wp\/v2\/product"}],"about":[{"href":"https:\/\/sign.ch\/en\/wp-json\/wp\/v2\/types\/product"}],"replies":[{"embeddable":true,"href":"https:\/\/sign.ch\/en\/wp-json\/wp\/v2\/comments?post=11665"}],"wp:featuredmedia":[{"embeddable":true,"href":"https:\/\/sign.ch\/en\/wp-json\/wp\/v2\/media\/11667"}],"wp:attachment":[{"href":"https:\/\/sign.ch\/en\/wp-json\/wp\/v2\/media?parent=11665"}],"wp:term":[{"taxonomy":"product_brand","embeddable":true,"href":"https:\/\/sign.ch\/en\/wp-json\/wp\/v2\/product_brand?post=11665"},{"taxonomy":"product_cat","embeddable":true,"href":"https:\/\/sign.ch\/en\/wp-json\/wp\/v2\/product_cat?post=11665"},{"taxonomy":"product_tag","embeddable":true,"href":"https:\/\/sign.ch\/en\/wp-json\/wp\/v2\/product_tag?post=11665"}],"curies":[{"name":"wp","href":"https:\/\/api.w.org\/{rel}","templated":true}]}}