{"id":11693,"date":"2024-12-11T14:41:11","date_gmt":"2024-12-11T13:41:11","guid":{"rendered":"https:\/\/sign.ch\/?post_type=product&#038;p=11693"},"modified":"2025-05-15T10:53:32","modified_gmt":"2025-05-15T09:53:32","slug":"sign-kalbshackbraten-nature-220g","status":"publish","type":"product","link":"https:\/\/sign.ch\/en\/produkt\/sign-kalbshackbraten-nature-220g\/","title":{"rendered":"SIGN Kalbshackbraten nature (220g)"},"content":{"rendered":"<p>E chli SIGN f\u00fcr dihei zum gn\u00fcsse!<\/p>\n<p>Zutaten:<br \/>\nHackbraten (Kalbfleisch 95% (CH), Lardo 5% (I), EIER (aus Freilandhaltung), RAHM, PANKO (WEIZENMEHL, Speisesalz, Hefe, Wasser), Kalbsjus (Kalbsknochen, Kalbsf\u00fcsse, Weisswein (enth\u00e4lt SULFITE), Tomatenmark (Tomaten, Speisesalz), Karotten, Zwiebeln, Knoblauch, SELLERIE, Wasser, Salz, Pfeffer, Lorbeerbl\u00e4tter, Rosmarin, Thymian, Salbei, Sherry, frische Kr\u00e4uter, Gew\u00fcrze, SENF, frischer gr\u00fcner Pfeffer.<\/p>\n<p>N\u00e4hrwerte 100g enthalten:<br \/>\nEnergiewert\u00a0 \u00a0 \u00a0 \u00a0 \u00a0 \u00a0 \u00a0 \u00a0 \u00a0 \u00a0 \u00a0 \u00a0 \u00a0 \u00a0 \u00a0 \u00a0 \u00a0 \u00a0 \u00a0 \u00a0 \u00a0 \u00a0 \u00a0 \u00a0829 kJ (198 kcal)<br \/>\nFett\u00a0 \u00a0 \u00a0 \u00a0 \u00a0 \u00a0 \u00a0 \u00a0 \u00a0 \u00a0 \u00a0 \u00a0 \u00a0 \u00a0 \u00a0 \u00a0 \u00a0 \u00a0 \u00a0 \u00a0 \u00a0 \u00a0 \u00a0 \u00a0 \u00a0 \u00a0 \u00a0 \u00a0 \u00a0 \u00a0 \u00a0 \u00a016.0g<br \/>\nKohlenhydrate\u00a0 \u00a0 \u00a0 \u00a0 \u00a0 \u00a0 \u00a0 \u00a0 \u00a0 \u00a0 \u00a0 \u00a0 \u00a0 \u00a0 \u00a0 \u00a0 \u00a0 \u00a0 \u00a0 \u00a0 \u00a0 \u00a012.0g<br \/>\nEiweiss\u00a0 \u00a0 \u00a0 \u00a0 \u00a0 \u00a0 \u00a0 \u00a0 \u00a0 \u00a0 \u00a0 \u00a0 \u00a0 \u00a0 \u00a0 \u00a0 \u00a0 \u00a0 \u00a0 \u00a0 \u00a0 \u00a0 \u00a0 \u00a0 \u00a0 \u00a0 \u00a0 \u00a0 \u00a011.4g<br \/>\nSalz\u00a0 \u00a0 \u00a0 \u00a0 \u00a0 \u00a0 \u00a0 \u00a0 \u00a0 \u00a0 \u00a0 \u00a0 \u00a0 \u00a0 \u00a0 \u00a0 \u00a0 \u00a0 \u00a0 \u00a0 \u00a0 \u00a0 \u00a0 \u00a0 \u00a0 \u00a0 \u00a0 \u00a0 \u00a0 \u00a0 \u00a0 \u00a0 3.0g<\/p>\n<p>Anleitung zum erw\u00e4rmen:<br \/>\nZubereitung Pfanne: Das Gericht in einem Kochtopf mit aufgesetztem Deckel bei mittlerer Hitze langsam erw\u00e4rmen oder die Packung f\u00fcr 15-20 min in 80- 85\u00b0C heissem Wasser erhitzen. Achtung, die Packung wird sehr heiss!<br \/>\nZubereitung in der Mikrowelle: Inhalt auf Teller oder Sch\u00fcssel anrichten, abdecken, 3 Min bei voller Leistung (600W).<\/p>\n<p>Dieser Artikel ist schockgefroren und mindestens 6 Monate haltbar. Auftauen im K\u00fchlschrank oder kaltem Wasser. \u00a0Aufgetaut haltbar f\u00fcr 5 Tage: Gek\u00fchlt aufbewahren, max. 5\u00b0C.<\/p>\n","protected":false},"excerpt":{"rendered":"<p>E chli SIGN f\u00fcr dihei zum gn\u00fcsse! Zutaten: Hackbraten (Kalbfleisch 95% (CH), Lardo 5% (I), EIER (aus Freilandhaltung), RAHM, PANKO (WEIZENMEHL, Speisesalz, Hefe, Wasser), Kalbsjus (Kalbsknochen, Kalbsf\u00fcsse, Weisswein (enth\u00e4lt SULFITE), Tomatenmark (Tomaten, Speisesalz), Karotten, Zwiebeln, Knoblauch, SELLERIE, Wasser, Salz, Pfeffer, Lorbeerbl\u00e4tter, Rosmarin, Thymian, Salbei, Sherry, frische Kr\u00e4uter, Gew\u00fcrze, SENF, frischer gr\u00fcner Pfeffer. N\u00e4hrwerte 100g enthalten: [&hellip;]<\/p>\n","protected":false},"featured_media":12044,"comment_status":"closed","ping_status":"closed","template":"","meta":{"ocean_post_layout":"","ocean_both_sidebars_style":"","ocean_both_sidebars_content_width":0,"ocean_both_sidebars_sidebars_width":0,"ocean_sidebar":"0","ocean_second_sidebar":"0","ocean_disable_margins":"enable","ocean_add_body_class":"","ocean_shortcode_before_top_bar":"","ocean_shortcode_after_top_bar":"","ocean_shortcode_before_header":"","ocean_shortcode_after_header":"","ocean_has_shortcode":"","ocean_shortcode_after_title":"","ocean_shortcode_before_footer_widgets":"","ocean_shortcode_after_footer_widgets":"","ocean_shortcode_before_footer_bottom":"","ocean_shortcode_after_footer_bottom":"","ocean_display_top_bar":"default","ocean_display_header":"default","ocean_header_style":"","ocean_center_header_left_menu":"0","ocean_custom_header_template":"0","ocean_custom_logo":0,"ocean_custom_retina_logo":0,"ocean_custom_logo_max_width":0,"ocean_custom_logo_tablet_max_width":0,"ocean_custom_logo_mobile_max_width":0,"ocean_custom_logo_max_height":0,"ocean_custom_logo_tablet_max_height":0,"ocean_custom_logo_mobile_max_height":0,"ocean_header_custom_menu":"0","ocean_menu_typo_font_family":"0","ocean_menu_typo_font_subset":"","ocean_menu_typo_font_size":0,"ocean_menu_typo_font_size_tablet":0,"ocean_menu_typo_font_size_mobile":0,"ocean_menu_typo_font_size_unit":"px","ocean_menu_typo_font_weight":"","ocean_menu_typo_font_weight_tablet":"","ocean_menu_typo_font_weight_mobile":"","ocean_menu_typo_transform":"","ocean_menu_typo_transform_tablet":"","ocean_menu_typo_transform_mobile":"","ocean_menu_typo_line_height":0,"ocean_menu_typo_line_height_tablet":0,"ocean_menu_typo_line_height_mobile":0,"ocean_menu_typo_line_height_unit":"","ocean_menu_typo_spacing":0,"ocean_menu_typo_spacing_tablet":0,"ocean_menu_typo_spacing_mobile":0,"ocean_menu_typo_spacing_unit":"","ocean_menu_link_color":"","ocean_menu_link_color_hover":"","ocean_menu_link_color_active":"","ocean_menu_link_background":"","ocean_menu_link_hover_background":"","ocean_menu_link_active_background":"","ocean_menu_social_links_bg":"","ocean_menu_social_hover_links_bg":"","ocean_menu_social_links_color":"","ocean_menu_social_hover_links_color":"","ocean_disable_title":"default","ocean_disable_heading":"default","ocean_post_title":"","ocean_post_subheading":"","ocean_post_title_style":"","ocean_post_title_background_color":"","ocean_post_title_background":0,"ocean_post_title_bg_image_position":"","ocean_post_title_bg_image_attachment":"","ocean_post_title_bg_image_repeat":"","ocean_post_title_bg_image_size":"","ocean_post_title_height":0,"ocean_post_title_bg_overlay":0.5,"ocean_post_title_bg_overlay_color":"","ocean_disable_breadcrumbs":"default","ocean_breadcrumbs_color":"","ocean_breadcrumbs_separator_color":"","ocean_breadcrumbs_links_color":"","ocean_breadcrumbs_links_hover_color":"","ocean_display_footer_widgets":"default","ocean_display_footer_bottom":"default","ocean_custom_footer_template":""},"product_brand":[],"product_cat":[223],"product_tag":[],"class_list":{"0":"post-11693","1":"product","2":"type-product","3":"status-publish","4":"has-post-thumbnail","6":"product_cat-sign-at-home","8":"entry","9":"has-media","11":"first","12":"instock","13":"taxable","14":"shipping-taxable","15":"purchasable","16":"product-type-simple","17":"has-product-nav","18":"col","19":"span_1_of_3","20":"owp-content-center","21":"owp-thumbs-layout-horizontal","22":"owp-btn-normal","23":"owp-tabs-layout-horizontal","24":"has-no-thumbnails"},"yoast_head":"<!-- This site is optimized with the Yoast SEO Premium plugin v26.8 (Yoast SEO v27.4) - https:\/\/yoast.com\/product\/yoast-seo-premium-wordpress\/ -->\n<title>SIGN Kalbshackbraten nature (220g) - Sign Gastro World<\/title>\n<meta name=\"robots\" content=\"index, follow, max-snippet:-1, max-image-preview:large, max-video-preview:-1\" \/>\n<link rel=\"canonical\" href=\"https:\/\/sign.ch\/en\/produkt\/sign-kalbshackbraten-nature-220g\/\" \/>\n<meta property=\"og:locale\" content=\"en_US\" \/>\n<meta property=\"og:type\" content=\"article\" \/>\n<meta property=\"og:title\" content=\"SIGN Kalbshackbraten nature (220g)\" \/>\n<meta property=\"og:description\" content=\"E chli SIGN f\u00fcr dihei zum gn\u00fcsse! Zutaten: Hackbraten (Kalbfleisch 95% (CH), Lardo 5% (I), EIER (aus Freilandhaltung), RAHM, PANKO (WEIZENMEHL, Speisesalz, Hefe, Wasser), Kalbsjus (Kalbsknochen, Kalbsf\u00fcsse, Weisswein (enth\u00e4lt SULFITE), Tomatenmark (Tomaten, Speisesalz), Karotten, Zwiebeln, Knoblauch, SELLERIE, Wasser, Salz, Pfeffer, Lorbeerbl\u00e4tter, Rosmarin, Thymian, Salbei, Sherry, frische Kr\u00e4uter, Gew\u00fcrze, SENF, frischer gr\u00fcner Pfeffer. N\u00e4hrwerte 100g enthalten: [&hellip;]\" \/>\n<meta property=\"og:url\" content=\"https:\/\/sign.ch\/en\/produkt\/sign-kalbshackbraten-nature-220g\/\" \/>\n<meta property=\"og:site_name\" content=\"Sign Gastro World\" \/>\n<meta property=\"article:modified_time\" content=\"2025-05-15T09:53:32+00:00\" \/>\n<meta property=\"og:image\" content=\"https:\/\/sign.ch\/wp-content\/uploads\/2024\/12\/Design-ohne-Titel-2025-05-15T115149.999.png\" \/>\n\t<meta property=\"og:image:width\" content=\"1080\" \/>\n\t<meta property=\"og:image:height\" content=\"1080\" \/>\n\t<meta property=\"og:image:type\" content=\"image\/png\" \/>\n<meta name=\"twitter:card\" content=\"summary_large_image\" \/>\n<meta name=\"twitter:label1\" content=\"Est. reading time\" \/>\n\t<meta name=\"twitter:data1\" content=\"2 minutes\" \/>\n<script type=\"application\/ld+json\" class=\"yoast-schema-graph\">{\"@context\":\"https:\\\/\\\/schema.org\",\"@graph\":[{\"@type\":\"WebPage\",\"@id\":\"https:\\\/\\\/sign.ch\\\/en\\\/produkt\\\/sign-kalbshackbraten-nature-220g\\\/\",\"url\":\"https:\\\/\\\/sign.ch\\\/en\\\/produkt\\\/sign-kalbshackbraten-nature-220g\\\/\",\"name\":\"SIGN Kalbshackbraten nature (220g) - Sign Gastro World\",\"isPartOf\":{\"@id\":\"https:\\\/\\\/sign.ch\\\/en\\\/#website\"},\"primaryImageOfPage\":{\"@id\":\"https:\\\/\\\/sign.ch\\\/en\\\/produkt\\\/sign-kalbshackbraten-nature-220g\\\/#primaryimage\"},\"image\":{\"@id\":\"https:\\\/\\\/sign.ch\\\/en\\\/produkt\\\/sign-kalbshackbraten-nature-220g\\\/#primaryimage\"},\"thumbnailUrl\":\"https:\\\/\\\/sign.ch\\\/wp-content\\\/uploads\\\/2024\\\/12\\\/Design-ohne-Titel-2025-05-15T115149.999.png\",\"datePublished\":\"2024-12-11T13:41:11+00:00\",\"dateModified\":\"2025-05-15T09:53:32+00:00\",\"breadcrumb\":{\"@id\":\"https:\\\/\\\/sign.ch\\\/en\\\/produkt\\\/sign-kalbshackbraten-nature-220g\\\/#breadcrumb\"},\"inLanguage\":\"en-US\",\"potentialAction\":[{\"@type\":\"ReadAction\",\"target\":[\"https:\\\/\\\/sign.ch\\\/en\\\/produkt\\\/sign-kalbshackbraten-nature-220g\\\/\"]}]},{\"@type\":\"ImageObject\",\"inLanguage\":\"en-US\",\"@id\":\"https:\\\/\\\/sign.ch\\\/en\\\/produkt\\\/sign-kalbshackbraten-nature-220g\\\/#primaryimage\",\"url\":\"https:\\\/\\\/sign.ch\\\/wp-content\\\/uploads\\\/2024\\\/12\\\/Design-ohne-Titel-2025-05-15T115149.999.png\",\"contentUrl\":\"https:\\\/\\\/sign.ch\\\/wp-content\\\/uploads\\\/2024\\\/12\\\/Design-ohne-Titel-2025-05-15T115149.999.png\",\"width\":1080,\"height\":1080},{\"@type\":\"BreadcrumbList\",\"@id\":\"https:\\\/\\\/sign.ch\\\/en\\\/produkt\\\/sign-kalbshackbraten-nature-220g\\\/#breadcrumb\",\"itemListElement\":[{\"@type\":\"ListItem\",\"position\":1,\"name\":\"Startseite\",\"item\":\"https:\\\/\\\/sign.ch\\\/en\\\/home\\\/\"},{\"@type\":\"ListItem\",\"position\":2,\"name\":\"Sign Store\",\"item\":\"https:\\\/\\\/sign.ch\\\/en\\\/sign-store\\\/\"},{\"@type\":\"ListItem\",\"position\":3,\"name\":\"SIGN Kalbshackbraten nature (220g)\"}]},{\"@type\":\"WebSite\",\"@id\":\"https:\\\/\\\/sign.ch\\\/en\\\/#website\",\"url\":\"https:\\\/\\\/sign.ch\\\/en\\\/\",\"name\":\"Sign Gastro World\",\"description\":\"Your Choice\",\"potentialAction\":[{\"@type\":\"SearchAction\",\"target\":{\"@type\":\"EntryPoint\",\"urlTemplate\":\"https:\\\/\\\/sign.ch\\\/en\\\/?s={search_term_string}\"},\"query-input\":{\"@type\":\"PropertyValueSpecification\",\"valueRequired\":true,\"valueName\":\"search_term_string\"}}],\"inLanguage\":\"en-US\"}]}<\/script>\n<!-- \/ Yoast SEO Premium plugin. -->","yoast_head_json":{"title":"SIGN Kalbshackbraten nature (220g) - Sign Gastro World","robots":{"index":"index","follow":"follow","max-snippet":"max-snippet:-1","max-image-preview":"max-image-preview:large","max-video-preview":"max-video-preview:-1"},"canonical":"https:\/\/sign.ch\/en\/produkt\/sign-kalbshackbraten-nature-220g\/","og_locale":"en_US","og_type":"article","og_title":"SIGN Kalbshackbraten nature (220g)","og_description":"E chli SIGN f\u00fcr dihei zum gn\u00fcsse! Zutaten: Hackbraten (Kalbfleisch 95% (CH), Lardo 5% (I), EIER (aus Freilandhaltung), RAHM, PANKO (WEIZENMEHL, Speisesalz, Hefe, Wasser), Kalbsjus (Kalbsknochen, Kalbsf\u00fcsse, Weisswein (enth\u00e4lt SULFITE), Tomatenmark (Tomaten, Speisesalz), Karotten, Zwiebeln, Knoblauch, SELLERIE, Wasser, Salz, Pfeffer, Lorbeerbl\u00e4tter, Rosmarin, Thymian, Salbei, Sherry, frische Kr\u00e4uter, Gew\u00fcrze, SENF, frischer gr\u00fcner Pfeffer. N\u00e4hrwerte 100g enthalten: [&hellip;]","og_url":"https:\/\/sign.ch\/en\/produkt\/sign-kalbshackbraten-nature-220g\/","og_site_name":"Sign Gastro World","article_modified_time":"2025-05-15T09:53:32+00:00","og_image":[{"width":1080,"height":1080,"url":"https:\/\/sign.ch\/wp-content\/uploads\/2024\/12\/Design-ohne-Titel-2025-05-15T115149.999.png","type":"image\/png"}],"twitter_card":"summary_large_image","twitter_misc":{"Est. reading time":"2 minutes"},"schema":{"@context":"https:\/\/schema.org","@graph":[{"@type":"WebPage","@id":"https:\/\/sign.ch\/en\/produkt\/sign-kalbshackbraten-nature-220g\/","url":"https:\/\/sign.ch\/en\/produkt\/sign-kalbshackbraten-nature-220g\/","name":"SIGN Kalbshackbraten nature (220g) - Sign Gastro World","isPartOf":{"@id":"https:\/\/sign.ch\/en\/#website"},"primaryImageOfPage":{"@id":"https:\/\/sign.ch\/en\/produkt\/sign-kalbshackbraten-nature-220g\/#primaryimage"},"image":{"@id":"https:\/\/sign.ch\/en\/produkt\/sign-kalbshackbraten-nature-220g\/#primaryimage"},"thumbnailUrl":"https:\/\/sign.ch\/wp-content\/uploads\/2024\/12\/Design-ohne-Titel-2025-05-15T115149.999.png","datePublished":"2024-12-11T13:41:11+00:00","dateModified":"2025-05-15T09:53:32+00:00","breadcrumb":{"@id":"https:\/\/sign.ch\/en\/produkt\/sign-kalbshackbraten-nature-220g\/#breadcrumb"},"inLanguage":"en-US","potentialAction":[{"@type":"ReadAction","target":["https:\/\/sign.ch\/en\/produkt\/sign-kalbshackbraten-nature-220g\/"]}]},{"@type":"ImageObject","inLanguage":"en-US","@id":"https:\/\/sign.ch\/en\/produkt\/sign-kalbshackbraten-nature-220g\/#primaryimage","url":"https:\/\/sign.ch\/wp-content\/uploads\/2024\/12\/Design-ohne-Titel-2025-05-15T115149.999.png","contentUrl":"https:\/\/sign.ch\/wp-content\/uploads\/2024\/12\/Design-ohne-Titel-2025-05-15T115149.999.png","width":1080,"height":1080},{"@type":"BreadcrumbList","@id":"https:\/\/sign.ch\/en\/produkt\/sign-kalbshackbraten-nature-220g\/#breadcrumb","itemListElement":[{"@type":"ListItem","position":1,"name":"Startseite","item":"https:\/\/sign.ch\/en\/home\/"},{"@type":"ListItem","position":2,"name":"Sign Store","item":"https:\/\/sign.ch\/en\/sign-store\/"},{"@type":"ListItem","position":3,"name":"SIGN Kalbshackbraten nature (220g)"}]},{"@type":"WebSite","@id":"https:\/\/sign.ch\/en\/#website","url":"https:\/\/sign.ch\/en\/","name":"Sign Gastro World","description":"Your Choice","potentialAction":[{"@type":"SearchAction","target":{"@type":"EntryPoint","urlTemplate":"https:\/\/sign.ch\/en\/?s={search_term_string}"},"query-input":{"@type":"PropertyValueSpecification","valueRequired":true,"valueName":"search_term_string"}}],"inLanguage":"en-US"}]}},"_links":{"self":[{"href":"https:\/\/sign.ch\/en\/wp-json\/wp\/v2\/product\/11693","targetHints":{"allow":["GET"]}}],"collection":[{"href":"https:\/\/sign.ch\/en\/wp-json\/wp\/v2\/product"}],"about":[{"href":"https:\/\/sign.ch\/en\/wp-json\/wp\/v2\/types\/product"}],"replies":[{"embeddable":true,"href":"https:\/\/sign.ch\/en\/wp-json\/wp\/v2\/comments?post=11693"}],"wp:featuredmedia":[{"embeddable":true,"href":"https:\/\/sign.ch\/en\/wp-json\/wp\/v2\/media\/12044"}],"wp:attachment":[{"href":"https:\/\/sign.ch\/en\/wp-json\/wp\/v2\/media?parent=11693"}],"wp:term":[{"taxonomy":"product_brand","embeddable":true,"href":"https:\/\/sign.ch\/en\/wp-json\/wp\/v2\/product_brand?post=11693"},{"taxonomy":"product_cat","embeddable":true,"href":"https:\/\/sign.ch\/en\/wp-json\/wp\/v2\/product_cat?post=11693"},{"taxonomy":"product_tag","embeddable":true,"href":"https:\/\/sign.ch\/en\/wp-json\/wp\/v2\/product_tag?post=11693"}],"curies":[{"name":"wp","href":"https:\/\/api.w.org\/{rel}","templated":true}]}}